{"id":31,"date":"2019-07-31T17:30:59","date_gmt":"2019-07-31T17:30:59","guid":{"rendered":"http:\/\/baro-tg.de\/?page_id=31"},"modified":"2019-11-12T14:57:16","modified_gmt":"2019-11-12T14:57:16","slug":"home","status":"publish","type":"page","link":"https:\/\/baro-tg.de\/","title":{"rendered":"Home"},"content":{"rendered":"\t\t<div data-elementor-type=\"wp-post\" data-elementor-id=\"31\" class=\"elementor elementor-31\">\n\t\t\t\t\t\t<section class=\"elementor-section elementor-top-section elementor-element elementor-element-7f989be elementor-section-full_width elementor-section-height-default elementor-section-height-default\" data-id=\"7f989be\" data-element_type=\"section\">\n\t\t\t\t\t\t<div class=\"elementor-container elementor-column-gap-default\">\n\t\t\t\t\t<div class=\"elementor-column elementor-col-100 elementor-top-column elementor-element elementor-element-0d19132\" data-id=\"0d19132\" data-element_type=\"column\">\n\t\t\t<div class=\"elementor-widget-wrap elementor-element-populated\">\n\t\t\t\t\t\t<div class=\"elementor-element elementor-element-805e78f elementor-widget elementor-widget-image\" data-id=\"805e78f\" data-element_type=\"widget\" data-widget_type=\"image.default\">\n\t\t\t\t<div class=\"elementor-widget-container\">\n\t\t\t\t\t\t\t\t\t\t\t\t\t\t\t<img decoding=\"async\" src=\"https:\/\/baro-tg.de\/wp-content\/uploads\/baro-bilder-titel\/baro_tg_ebene1_ubers1_3292.jpg\" title=\"baro_tg_ebene1_ubers1_3292\" alt=\"baro_tg_ebene1_ubers1_3292\" loading=\"lazy\" \/>\t\t\t\t\t\t\t\t\t\t\t\t\t\t\t<\/div>\n\t\t\t\t<\/div>\n\t\t\t\t\t<\/div>\n\t\t<\/div>\n\t\t\t\t\t<\/div>\n\t\t<\/section>\n\t\t\t\t<section class=\"elementor-section elementor-top-section elementor-element elementor-element-5d04e65 elementor-section-boxed elementor-section-height-default elementor-section-height-default\" data-id=\"5d04e65\" data-element_type=\"section\" data-settings=\"{&quot;background_background&quot;:&quot;classic&quot;}\">\n\t\t\t\t\t\t<div class=\"elementor-container elementor-column-gap-default\">\n\t\t\t\t\t<div class=\"elementor-column elementor-col-50 elementor-top-column elementor-element elementor-element-9a376ab\" data-id=\"9a376ab\" data-element_type=\"column\">\n\t\t\t<div class=\"elementor-widget-wrap elementor-element-populated\">\n\t\t\t\t\t\t<div class=\"elementor-element elementor-element-2886502 elementor-widget elementor-widget-text-editor\" data-id=\"2886502\" data-element_type=\"widget\" data-widget_type=\"text-editor.default\">\n\t\t\t\t<div class=\"elementor-widget-container\">\n\t\t\t\t\t\t\t\t\t<h1>BaRo-Tiefgaragen GbR \u00b7 Miesbach<\/h1>\t\t\t\t\t\t\t\t<\/div>\n\t\t\t\t<\/div>\n\t\t\t\t\t<\/div>\n\t\t<\/div>\n\t\t\t\t<div class=\"elementor-column elementor-col-50 elementor-top-column elementor-element elementor-element-2c2b390\" data-id=\"2c2b390\" data-element_type=\"column\">\n\t\t\t<div class=\"elementor-widget-wrap elementor-element-populated\">\n\t\t\t\t\t\t<div class=\"elementor-element elementor-element-1604cd6 elementor-align-right elementor-widget elementor-widget-button\" data-id=\"1604cd6\" data-element_type=\"widget\" data-widget_type=\"button.default\">\n\t\t\t\t<div class=\"elementor-widget-container\">\n\t\t\t\t\t\t\t\t\t<div class=\"elementor-button-wrapper\">\n\t\t\t\t\t<a class=\"elementor-button elementor-button-link elementor-size-lg\" href=\"http:\/\/baro-tg.de\/?page_id=151\">\n\t\t\t\t\t\t<span class=\"elementor-button-content-wrapper\">\n\t\t\t\t\t\t\t\t\t<span class=\"elementor-button-text\">Kontakt<\/span>\n\t\t\t\t\t<\/span>\n\t\t\t\t\t<\/a>\n\t\t\t\t<\/div>\n\t\t\t\t\t\t\t\t<\/div>\n\t\t\t\t<\/div>\n\t\t\t\t\t<\/div>\n\t\t<\/div>\n\t\t\t\t\t<\/div>\n\t\t<\/section>\n\t\t\t\t<section class=\"elementor-section elementor-top-section elementor-element elementor-element-f8df300 elementor-section-content-middle elementor-section-boxed elementor-section-height-default elementor-section-height-default\" data-id=\"f8df300\" data-element_type=\"section\">\n\t\t\t\t\t\t<div class=\"elementor-container elementor-column-gap-default\">\n\t\t\t\t\t<div class=\"elementor-column elementor-col-50 elementor-top-column elementor-element elementor-element-4a66fc49\" data-id=\"4a66fc49\" data-element_type=\"column\">\n\t\t\t<div class=\"elementor-widget-wrap elementor-element-populated\">\n\t\t\t\t\t\t<div class=\"elementor-element elementor-element-66216817 elementor-widget elementor-widget-heading\" data-id=\"66216817\" data-element_type=\"widget\" data-widget_type=\"heading.default\">\n\t\t\t\t<div class=\"elementor-widget-container\">\n\t\t\t\t\t<h3 class=\"elementor-heading-title elementor-size-large\">Miesbach Rosenheimer \/ Bayrischzeller Stra\u00dfe<\/h3>\t\t\t\t<\/div>\n\t\t\t\t<\/div>\n\t\t\t\t<div class=\"elementor-element elementor-element-2510e8a8 elementor-widget-divider--view-line elementor-widget elementor-widget-divider\" data-id=\"2510e8a8\" data-element_type=\"widget\" data-widget_type=\"divider.default\">\n\t\t\t\t<div class=\"elementor-widget-container\">\n\t\t\t\t\t\t\t<div class=\"elementor-divider\">\n\t\t\t<span class=\"elementor-divider-separator\">\n\t\t\t\t\t\t<\/span>\n\t\t<\/div>\n\t\t\t\t\t\t<\/div>\n\t\t\t\t<\/div>\n\t\t\t\t<div class=\"elementor-element elementor-element-5ae351dc elementor-widget elementor-widget-text-editor\" data-id=\"5ae351dc\" data-element_type=\"widget\" data-widget_type=\"text-editor.default\">\n\t\t\t\t<div class=\"elementor-widget-container\">\n\t\t\t\t\t\t\t\t\t<p>\u201eWir &#8211; die BaRo-Tiefgaragen GbR &#8211; haben den Idealen Tiefgaragen-Stellplatz f\u00fcr Sie.\u201d<br \/>\u2022 Anwohner, Mitarbeiter, Kunden und Besucher<br \/>\u2022 Wohnanlage &#8222;An der Riviera&#8220;\u00a0 Ecke Rosenheimer\u00a0 Bayrischzeller Str.<br \/>\u2022 Amtsgericht<br \/>\u2022 Gewerbegebiet Ost<\/p><p>Ideal f\u00fcr die Wintermonate! &#8211; Vorr\u00fcbergehende Platzierung &#8211; Langzeitparkpl\u00e4tze<\/p><p>Der n\u00e4chste Winter kommt bestimmt. Wenn Sie also schon jetzt weitere Informationen brauchen, nehmen Sie gerne mit uns Kontakt auf.<\/p><p>Wir erstellen im Moment unseren Internetauftritt und bieten Ihnen immer wieder neue Informationen und Services.<\/p>\t\t\t\t\t\t\t\t<\/div>\n\t\t\t\t<\/div>\n\t\t\t\t\t<\/div>\n\t\t<\/div>\n\t\t\t\t<div class=\"elementor-column elementor-col-50 elementor-top-column elementor-element elementor-element-1b928325 elementor-sm-100\" data-id=\"1b928325\" data-element_type=\"column\">\n\t\t\t<div class=\"elementor-widget-wrap elementor-element-populated\">\n\t\t\t\t\t\t<div class=\"elementor-element elementor-element-164abd0 elementor-widget elementor-widget-image\" data-id=\"164abd0\" data-element_type=\"widget\" data-widget_type=\"image.default\">\n\t\t\t\t<div class=\"elementor-widget-container\">\n\t\t\t\t\t\t\t\t\t\t\t\t<figure class=\"wp-caption\">\n\t\t\t\t\t\t\t\t\t\t\t<a href=\"http:\/\/baro-tg.de\/wp-content\/uploads\/baro-bilder1200x800\/baro_tg_standard_smal_3270_1.jpg\" data-elementor-open-lightbox=\"yes\" data-elementor-lightbox-title=\"baro_tg_standard_smal_3270_1\" data-e-action-hash=\"#elementor-action%3Aaction%3Dlightbox%26settings%3DeyJpZCI6MzI2LCJ1cmwiOiJodHRwczpcL1wvYmFyby10Zy5kZVwvd3AtY29udGVudFwvdXBsb2Fkc1wvYmFyby1iaWxkZXIxMjAweDgwMFwvYmFyb190Z19zdGFuZGFyZF9zbWFsXzMyNzBfMS5qcGcifQ%3D%3D\">\n\t\t\t\t\t\t\t<img fetchpriority=\"high\" decoding=\"async\" width=\"300\" height=\"200\" src=\"https:\/\/baro-tg.de\/wp-content\/uploads\/baro-bilder1200x800\/baro_tg_standard_smal_3270_1-300x200.jpg\" class=\"attachment-medium size-medium wp-image-326\" alt=\"\" srcset=\"https:\/\/baro-tg.de\/wp-content\/uploads\/baro-bilder1200x800\/baro_tg_standard_smal_3270_1-300x200.jpg 300w, https:\/\/baro-tg.de\/wp-content\/uploads\/baro-bilder1200x800\/baro_tg_standard_smal_3270_1-768x512.jpg 768w, https:\/\/baro-tg.de\/wp-content\/uploads\/baro-bilder1200x800\/baro_tg_standard_smal_3270_1-1024x683.jpg 1024w, https:\/\/baro-tg.de\/wp-content\/uploads\/baro-bilder1200x800\/baro_tg_standard_smal_3270_1.jpg 1200w\" sizes=\"(max-width: 300px) 100vw, 300px\" \/>\t\t\t\t\t\t\t\t<\/a>\n\t\t\t\t\t\t\t\t\t\t\t<figcaption class=\"widget-image-caption wp-caption-text\">Standardstellplatz u. schmaler Stellplatz<\/figcaption>\n\t\t\t\t\t\t\t\t\t\t<\/figure>\n\t\t\t\t\t\t\t\t\t<\/div>\n\t\t\t\t<\/div>\n\t\t\t\t\t<\/div>\n\t\t<\/div>\n\t\t\t\t\t<\/div>\n\t\t<\/section>\n\t\t\t\t<section class=\"elementor-section elementor-top-section elementor-element elementor-element-7338482 elementor-section-content-middle elementor-section-boxed elementor-section-height-default elementor-section-height-default\" data-id=\"7338482\" data-element_type=\"section\">\n\t\t\t\t\t\t<div class=\"elementor-container elementor-column-gap-default\">\n\t\t\t\t\t<div class=\"elementor-column elementor-col-50 elementor-top-column elementor-element elementor-element-9b6fe88\" data-id=\"9b6fe88\" data-element_type=\"column\">\n\t\t\t<div class=\"elementor-widget-wrap elementor-element-populated\">\n\t\t\t\t\t\t<div class=\"elementor-element elementor-element-5201966 elementor-widget elementor-widget-heading\" data-id=\"5201966\" data-element_type=\"widget\" data-widget_type=\"heading.default\">\n\t\t\t\t<div class=\"elementor-widget-container\">\n\t\t\t\t\t<h3 class=\"elementor-heading-title elementor-size-large\">Tiefgaragenstellpl\u00e4tze Miesbach \/Obb.<\/h3>\t\t\t\t<\/div>\n\t\t\t\t<\/div>\n\t\t\t\t<div class=\"elementor-element elementor-element-70d970a elementor-widget-divider--view-line elementor-widget elementor-widget-divider\" data-id=\"70d970a\" data-element_type=\"widget\" data-widget_type=\"divider.default\">\n\t\t\t\t<div class=\"elementor-widget-container\">\n\t\t\t\t\t\t\t<div class=\"elementor-divider\">\n\t\t\t<span class=\"elementor-divider-separator\">\n\t\t\t\t\t\t<\/span>\n\t\t<\/div>\n\t\t\t\t\t\t<\/div>\n\t\t\t\t<\/div>\n\t\t\t\t<div class=\"elementor-element elementor-element-c6fbfef elementor-widget elementor-widget-text-editor\" data-id=\"c6fbfef\" data-element_type=\"widget\" data-widget_type=\"text-editor.default\">\n\t\t\t\t<div class=\"elementor-widget-container\">\n\t\t\t\t\t\t\t\t\t<p>Absofort bieten Ihnen Tiefgaragen Stellpl\u00e4tze im Herzen von Miesbach Ecke Bayrichzeller Stra\u00dfe \/ Rosenheimer Stra\u00dfe <\/p><p>Zentrale Lage in Miesbach \u201eOST\u201d<br \/>\u2022 ideale Anfahrt Autobahn A8 und Region Rosenheim<br \/>\u2022 Geschlossener Bereich <br \/>\u2022 Zugang von Rosenheimer o. Bayrischzeller Str. <br \/>\u2022 Video\u00fcberwachung<br \/>\u2022 Ideale Infrastruktur: Einkauf, Tanken, Gewerbe<\/p>\t\t\t\t\t\t\t\t<\/div>\n\t\t\t\t<\/div>\n\t\t\t\t\t<\/div>\n\t\t<\/div>\n\t\t\t\t<div class=\"elementor-column elementor-col-50 elementor-top-column elementor-element elementor-element-b40fe68 elementor-sm-100\" data-id=\"b40fe68\" data-element_type=\"column\">\n\t\t\t<div class=\"elementor-widget-wrap elementor-element-populated\">\n\t\t\t\t\t\t<div class=\"elementor-element elementor-element-5e4e147 elementor-widget elementor-widget-google_maps\" data-id=\"5e4e147\" data-element_type=\"widget\" data-widget_type=\"google_maps.default\">\n\t\t\t\t<div class=\"elementor-widget-container\">\n\t\t\t\t\t\t\t<div class=\"elementor-custom-embed\">\n\t\t\t<iframe loading=\"lazy\"\n\t\t\t\t\tsrc=\"https:\/\/maps.google.com\/maps?q=Miesbach%2C%20Rosenheimerstra%C3%9Fe%2020&#038;t=m&#038;z=16&#038;output=embed&#038;iwloc=near\"\n\t\t\t\t\ttitle=\"Miesbach, Rosenheimerstra\u00dfe 20\"\n\t\t\t\t\taria-label=\"Miesbach, Rosenheimerstra\u00dfe 20\"\n\t\t\t><\/iframe>\n\t\t<\/div>\n\t\t\t\t\t\t<\/div>\n\t\t\t\t<\/div>\n\t\t\t\t\t<\/div>\n\t\t<\/div>\n\t\t\t\t\t<\/div>\n\t\t<\/section>\n\t\t\t\t<section class=\"elementor-section elementor-top-section elementor-element elementor-element-66df0e1 elementor-section-full_width elementor-section-height-default elementor-section-height-default\" data-id=\"66df0e1\" data-element_type=\"section\">\n\t\t\t\t\t\t<div class=\"elementor-container elementor-column-gap-default\">\n\t\t\t\t\t<div class=\"elementor-column elementor-col-16 elementor-top-column elementor-element elementor-element-dcc4c02\" data-id=\"dcc4c02\" data-element_type=\"column\">\n\t\t\t<div class=\"elementor-widget-wrap elementor-element-populated\">\n\t\t\t\t\t\t<div class=\"elementor-element elementor-element-c673d7a elementor-widget elementor-widget-image\" data-id=\"c673d7a\" data-element_type=\"widget\" data-widget_type=\"image.default\">\n\t\t\t\t<div class=\"elementor-widget-container\">\n\t\t\t\t\t\t\t\t\t\t\t\t<figure class=\"wp-caption\">\n\t\t\t\t\t\t\t\t\t\t\t<a href=\"http:\/\/baro-tg.de\/wp-content\/uploads\/baro-bilder1200x800\/baro_bayrischz_rosenheimer_3300.jpg\" data-elementor-open-lightbox=\"yes\" data-elementor-lightbox-title=\"baro_bayrischz_rosenheimer_3300\" data-e-action-hash=\"#elementor-action%3Aaction%3Dlightbox%26settings%3DeyJpZCI6MjEsInVybCI6Imh0dHBzOlwvXC9iYXJvLXRnLmRlXC93cC1jb250ZW50XC91cGxvYWRzXC9iYXJvLWJpbGRlcjEyMDB4ODAwXC9iYXJvX2JheXJpc2Noel9yb3NlbmhlaW1lcl8zMzAwLmpwZyJ9\">\n\t\t\t\t\t\t\t<img decoding=\"async\" width=\"150\" height=\"150\" src=\"https:\/\/baro-tg.de\/wp-content\/uploads\/baro-bilder1200x800\/baro_bayrischz_rosenheimer_3300-150x150.jpg\" class=\"attachment-thumbnail size-thumbnail wp-image-21\" alt=\"\" srcset=\"https:\/\/baro-tg.de\/wp-content\/uploads\/baro-bilder1200x800\/baro_bayrischz_rosenheimer_3300-150x150.jpg 150w, https:\/\/baro-tg.de\/wp-content\/uploads\/baro-bilder1200x800\/baro_bayrischz_rosenheimer_3300-100x100.jpg 100w\" sizes=\"(max-width: 150px) 100vw, 150px\" \/>\t\t\t\t\t\t\t\t<\/a>\n\t\t\t\t\t\t\t\t\t\t\t<figcaption class=\"widget-image-caption wp-caption-text\">Rosenheimer Str.<\/figcaption>\n\t\t\t\t\t\t\t\t\t\t<\/figure>\n\t\t\t\t\t\t\t\t\t<\/div>\n\t\t\t\t<\/div>\n\t\t\t\t\t<\/div>\n\t\t<\/div>\n\t\t\t\t<div class=\"elementor-column elementor-col-16 elementor-top-column elementor-element elementor-element-51bd0a1\" data-id=\"51bd0a1\" data-element_type=\"column\">\n\t\t\t<div class=\"elementor-widget-wrap elementor-element-populated\">\n\t\t\t\t\t\t<div class=\"elementor-element elementor-element-77c0294 elementor-widget elementor-widget-image\" data-id=\"77c0294\" data-element_type=\"widget\" data-widget_type=\"image.default\">\n\t\t\t\t<div class=\"elementor-widget-container\">\n\t\t\t\t\t\t\t\t\t\t\t\t<figure class=\"wp-caption\">\n\t\t\t\t\t\t\t\t\t\t\t<a href=\"http:\/\/baro-tg.de\/wp-content\/uploads\/baro-bilder1200x800\/baro_bayrischzeller_str_3308.jpg\" data-elementor-open-lightbox=\"yes\" data-elementor-lightbox-title=\"baro_bayrischzeller_str_3308\" data-e-action-hash=\"#elementor-action%3Aaction%3Dlightbox%26settings%3DeyJpZCI6MjAsInVybCI6Imh0dHBzOlwvXC9iYXJvLXRnLmRlXC93cC1jb250ZW50XC91cGxvYWRzXC9iYXJvLWJpbGRlcjEyMDB4ODAwXC9iYXJvX2JheXJpc2NoemVsbGVyX3N0cl8zMzA4LmpwZyJ9\">\n\t\t\t\t\t\t\t<img decoding=\"async\" width=\"150\" height=\"150\" src=\"https:\/\/baro-tg.de\/wp-content\/uploads\/baro-bilder1200x800\/baro_bayrischzeller_str_3308-150x150.jpg\" class=\"attachment-thumbnail size-thumbnail wp-image-20\" alt=\"\" srcset=\"https:\/\/baro-tg.de\/wp-content\/uploads\/baro-bilder1200x800\/baro_bayrischzeller_str_3308-150x150.jpg 150w, https:\/\/baro-tg.de\/wp-content\/uploads\/baro-bilder1200x800\/baro_bayrischzeller_str_3308-100x100.jpg 100w\" sizes=\"(max-width: 150px) 100vw, 150px\" \/>\t\t\t\t\t\t\t\t<\/a>\n\t\t\t\t\t\t\t\t\t\t\t<figcaption class=\"widget-image-caption wp-caption-text\">Bayrischzeller Str.<\/figcaption>\n\t\t\t\t\t\t\t\t\t\t<\/figure>\n\t\t\t\t\t\t\t\t\t<\/div>\n\t\t\t\t<\/div>\n\t\t\t\t\t<\/div>\n\t\t<\/div>\n\t\t\t\t<div class=\"elementor-column elementor-col-16 elementor-top-column elementor-element elementor-element-fa36bc2\" data-id=\"fa36bc2\" data-element_type=\"column\">\n\t\t\t<div class=\"elementor-widget-wrap elementor-element-populated\">\n\t\t\t\t\t\t<div class=\"elementor-element elementor-element-8751f45 elementor-widget elementor-widget-image\" data-id=\"8751f45\" data-element_type=\"widget\" data-widget_type=\"image.default\">\n\t\t\t\t<div class=\"elementor-widget-container\">\n\t\t\t\t\t\t\t\t\t\t\t\t<figure class=\"wp-caption\">\n\t\t\t\t\t\t\t\t\t\t\t<a href=\"http:\/\/baro-tg.de\/wp-content\/uploads\/baro-bilder1200x800\/zufahrt_rosenheimer_str3296.jpg\" data-elementor-open-lightbox=\"yes\" data-elementor-lightbox-title=\"zufahrt_rosenheimer_str3296\" data-e-action-hash=\"#elementor-action%3Aaction%3Dlightbox%26settings%3DeyJpZCI6MzI5LCJ1cmwiOiJodHRwczpcL1wvYmFyby10Zy5kZVwvd3AtY29udGVudFwvdXBsb2Fkc1wvYmFyby1iaWxkZXIxMjAweDgwMFwvenVmYWhydF9yb3NlbmhlaW1lcl9zdHIzMjk2LmpwZyJ9\">\n\t\t\t\t\t\t\t<img loading=\"lazy\" decoding=\"async\" width=\"150\" height=\"150\" src=\"https:\/\/baro-tg.de\/wp-content\/uploads\/baro-bilder1200x800\/zufahrt_rosenheimer_str3296-150x150.jpg\" class=\"attachment-thumbnail size-thumbnail wp-image-329\" alt=\"\" \/>\t\t\t\t\t\t\t\t<\/a>\n\t\t\t\t\t\t\t\t\t\t\t<figcaption class=\"widget-image-caption wp-caption-text\">Zufahrt Rosenheimer Str.<\/figcaption>\n\t\t\t\t\t\t\t\t\t\t<\/figure>\n\t\t\t\t\t\t\t\t\t<\/div>\n\t\t\t\t<\/div>\n\t\t\t\t\t<\/div>\n\t\t<\/div>\n\t\t\t\t<div class=\"elementor-column elementor-col-16 elementor-top-column elementor-element elementor-element-4dee829\" data-id=\"4dee829\" data-element_type=\"column\">\n\t\t\t<div class=\"elementor-widget-wrap elementor-element-populated\">\n\t\t\t\t\t\t<div class=\"elementor-element elementor-element-e554050 elementor-widget elementor-widget-image\" data-id=\"e554050\" data-element_type=\"widget\" data-widget_type=\"image.default\">\n\t\t\t\t<div class=\"elementor-widget-container\">\n\t\t\t\t\t\t\t\t\t\t\t\t<figure class=\"wp-caption\">\n\t\t\t\t\t\t\t\t\t\t\t<a href=\"http:\/\/baro-tg.de\/wp-content\/uploads\/baro-bilder1200x800\/baro_einfahrt_3250.jpg\" data-elementor-open-lightbox=\"yes\" data-elementor-lightbox-title=\"baro_einfahrt_3250\" data-e-action-hash=\"#elementor-action%3Aaction%3Dlightbox%26settings%3DeyJpZCI6MjIsInVybCI6Imh0dHBzOlwvXC9iYXJvLXRnLmRlXC93cC1jb250ZW50XC91cGxvYWRzXC9iYXJvLWJpbGRlcjEyMDB4ODAwXC9iYXJvX2VpbmZhaHJ0XzMyNTAuanBnIn0%3D\">\n\t\t\t\t\t\t\t<img loading=\"lazy\" decoding=\"async\" width=\"150\" height=\"150\" src=\"https:\/\/baro-tg.de\/wp-content\/uploads\/baro-bilder1200x800\/baro_einfahrt_3250-150x150.jpg\" class=\"attachment-thumbnail size-thumbnail wp-image-22\" alt=\"\" srcset=\"https:\/\/baro-tg.de\/wp-content\/uploads\/baro-bilder1200x800\/baro_einfahrt_3250-150x150.jpg 150w, https:\/\/baro-tg.de\/wp-content\/uploads\/baro-bilder1200x800\/baro_einfahrt_3250-100x100.jpg 100w\" sizes=\"(max-width: 150px) 100vw, 150px\" \/>\t\t\t\t\t\t\t\t<\/a>\n\t\t\t\t\t\t\t\t\t\t\t<figcaption class=\"widget-image-caption wp-caption-text\">Einfahrt TG<\/figcaption>\n\t\t\t\t\t\t\t\t\t\t<\/figure>\n\t\t\t\t\t\t\t\t\t<\/div>\n\t\t\t\t<\/div>\n\t\t\t\t\t<\/div>\n\t\t<\/div>\n\t\t\t\t<div class=\"elementor-column elementor-col-16 elementor-top-column elementor-element elementor-element-dcc6ea5\" data-id=\"dcc6ea5\" data-element_type=\"column\">\n\t\t\t<div class=\"elementor-widget-wrap elementor-element-populated\">\n\t\t\t\t\t\t<div class=\"elementor-element elementor-element-80f8e6b elementor-widget elementor-widget-image\" data-id=\"80f8e6b\" data-element_type=\"widget\" data-widget_type=\"image.default\">\n\t\t\t\t<div class=\"elementor-widget-container\">\n\t\t\t\t\t\t\t\t\t\t\t\t<figure class=\"wp-caption\">\n\t\t\t\t\t\t\t\t\t\t\t<a href=\"http:\/\/baro-tg.de\/wp-content\/uploads\/baro-bilder1200x800\/baro_tg_standard_smal_3270_3.jpg\" data-elementor-open-lightbox=\"yes\" data-elementor-lightbox-title=\"baro_tg_standard_smal_3270_3\" data-e-action-hash=\"#elementor-action%3Aaction%3Dlightbox%26settings%3DeyJpZCI6MzI3LCJ1cmwiOiJodHRwczpcL1wvYmFyby10Zy5kZVwvd3AtY29udGVudFwvdXBsb2Fkc1wvYmFyby1iaWxkZXIxMjAweDgwMFwvYmFyb190Z19zdGFuZGFyZF9zbWFsXzMyNzBfMy5qcGcifQ%3D%3D\">\n\t\t\t\t\t\t\t<img loading=\"lazy\" decoding=\"async\" width=\"150\" height=\"150\" src=\"https:\/\/baro-tg.de\/wp-content\/uploads\/baro-bilder1200x800\/baro_tg_standard_smal_3270_3-150x150.jpg\" class=\"attachment-thumbnail size-thumbnail wp-image-327\" alt=\"\" \/>\t\t\t\t\t\t\t\t<\/a>\n\t\t\t\t\t\t\t\t\t\t\t<figcaption class=\"widget-image-caption wp-caption-text\">Ihre Parkpl\u00e4tze<\/figcaption>\n\t\t\t\t\t\t\t\t\t\t<\/figure>\n\t\t\t\t\t\t\t\t\t<\/div>\n\t\t\t\t<\/div>\n\t\t\t\t\t<\/div>\n\t\t<\/div>\n\t\t\t\t<div class=\"elementor-column elementor-col-16 elementor-top-column elementor-element elementor-element-79ecfa4\" data-id=\"79ecfa4\" data-element_type=\"column\">\n\t\t\t<div class=\"elementor-widget-wrap elementor-element-populated\">\n\t\t\t\t\t\t<div class=\"elementor-element elementor-element-d76fb12 elementor-widget elementor-widget-image\" data-id=\"d76fb12\" data-element_type=\"widget\" data-widget_type=\"image.default\">\n\t\t\t\t<div class=\"elementor-widget-container\">\n\t\t\t\t\t\t\t\t\t\t\t\t<figure class=\"wp-caption\">\n\t\t\t\t\t\t\t\t\t\t\t<a href=\"http:\/\/baro-tg.de\/wp-content\/uploads\/baro-bilder1200x800\/baro_tg_stellplaetze_3274.jpg\" data-elementor-open-lightbox=\"yes\" data-elementor-lightbox-title=\"baro_tg_stellplaetze_3274\" data-e-action-hash=\"#elementor-action%3Aaction%3Dlightbox%26settings%3DeyJpZCI6MzA3LCJ1cmwiOiJodHRwczpcL1wvYmFyby10Zy5kZVwvd3AtY29udGVudFwvdXBsb2Fkc1wvYmFyby1iaWxkZXIxMjAweDgwMFwvYmFyb190Z19zdGVsbHBsYWV0emVfMzI3NC5qcGcifQ%3D%3D\">\n\t\t\t\t\t\t\t<img loading=\"lazy\" decoding=\"async\" width=\"150\" height=\"150\" src=\"https:\/\/baro-tg.de\/wp-content\/uploads\/baro-bilder1200x800\/baro_tg_stellplaetze_3274-150x150.jpg\" class=\"attachment-thumbnail size-thumbnail wp-image-307\" alt=\"\" \/>\t\t\t\t\t\t\t\t<\/a>\n\t\t\t\t\t\t\t\t\t\t\t<figcaption class=\"widget-image-caption wp-caption-text\">Standardstellplatz<\/figcaption>\n\t\t\t\t\t\t\t\t\t\t<\/figure>\n\t\t\t\t\t\t\t\t\t<\/div>\n\t\t\t\t<\/div>\n\t\t\t\t\t<\/div>\n\t\t<\/div>\n\t\t\t\t\t<\/div>\n\t\t<\/section>\n\t\t\t\t<section class=\"elementor-section elementor-top-section elementor-element elementor-element-235e134d elementor-section-boxed elementor-section-height-default elementor-section-height-default\" data-id=\"235e134d\" data-element_type=\"section\">\n\t\t\t\t\t\t<div class=\"elementor-container elementor-column-gap-default\">\n\t\t\t\t\t<div class=\"elementor-column elementor-col-100 elementor-top-column elementor-element elementor-element-6f2cd9\" data-id=\"6f2cd9\" data-element_type=\"column\">\n\t\t\t<div class=\"elementor-widget-wrap elementor-element-populated\">\n\t\t\t\t\t\t<div class=\"elementor-element elementor-element-61c87325 elementor-widget elementor-widget-text-editor\" data-id=\"61c87325\" data-element_type=\"widget\" data-widget_type=\"text-editor.default\">\n\t\t\t\t<div class=\"elementor-widget-container\">\n\t\t\t\t\t\t\t\t\t<p>Interesse ? &#8211; Nehmen Sie mit uns Kontakt auf: <a href=\"mailto:service@baro-tg.de\" target=\"_blank\" rel=\"noopener\">service@baro-tg.de<\/a> oder Tel. 08025 \/ 4599<\/p>\t\t\t\t\t\t\t\t<\/div>\n\t\t\t\t<\/div>\n\t\t\t\t\t<\/div>\n\t\t<\/div>\n\t\t\t\t\t<\/div>\n\t\t<\/section>\n\t\t\t\t<\/div>\n\t\t","protected":false},"excerpt":{"rendered":"<p>BaRo-Tiefgaragen GbR \u00b7 Miesbach Kontakt Miesbach Rosenheimer \/ Bayrischzeller Stra\u00dfe \u201eWir &#8211; die BaRo-Tiefgaragen GbR &#8211; haben den Idealen Tiefgaragen-Stellplatz f\u00fcr Sie.\u201d \u2022 Anwohner, Mitarbeiter, Kunden und Besucher \u2022 Wohnanlage &#8222;An der Riviera&#8220;&nbsp; Ecke Rosenheimer&nbsp; Bayrischzeller Str. \u2022 Amtsgericht \u2022 Gewerbegebiet Ost Ideal f\u00fcr die Wintermonate! &#8211; Vorr\u00fcbergehende Platzierung &#8211; Langzeitparkpl\u00e4tze Der n\u00e4chste Winter kommt [&hellip;]<\/p>\n","protected":false},"author":1,"featured_media":0,"parent":0,"menu_order":0,"comment_status":"closed","ping_status":"closed","template":"","meta":{"ocean_post_layout":"full-width","ocean_both_sidebars_style":"","ocean_both_sidebars_content_width":0,"ocean_both_sidebars_sidebars_width":0,"ocean_sidebar":"0","ocean_second_sidebar":"0","ocean_disable_margins":"enable","ocean_add_body_class":"","ocean_shortcode_before_top_bar":"","ocean_shortcode_after_top_bar":"","ocean_shortcode_before_header":"","ocean_shortcode_after_header":"","ocean_has_shortcode":"","ocean_shortcode_after_title":"","ocean_shortcode_before_footer_widgets":"","ocean_shortcode_after_footer_widgets":"","ocean_shortcode_before_footer_bottom":"","ocean_shortcode_after_footer_bottom":"","ocean_display_top_bar":"off","ocean_display_header":"default","ocean_header_style":"","ocean_center_header_left_menu":"0","ocean_custom_header_template":"0","ocean_custom_logo":261,"ocean_custom_retina_logo":0,"ocean_custom_logo_max_width":250,"ocean_custom_logo_tablet_max_width":160,"ocean_custom_logo_mobile_max_width":100,"ocean_custom_logo_max_height":85,"ocean_custom_logo_tablet_max_height":40,"ocean_custom_logo_mobile_max_height":25,"ocean_header_custom_menu":"0","ocean_menu_typo_font_family":"0","ocean_menu_typo_font_subset":"","ocean_menu_typo_font_size":0,"ocean_menu_typo_font_size_tablet":0,"ocean_menu_typo_font_size_mobile":0,"ocean_menu_typo_font_size_unit":"px","ocean_menu_typo_font_weight":"","ocean_menu_typo_font_weight_tablet":"","ocean_menu_typo_font_weight_mobile":"","ocean_menu_typo_transform":"","ocean_menu_typo_transform_tablet":"","ocean_menu_typo_transform_mobile":"","ocean_menu_typo_line_height":0,"ocean_menu_typo_line_height_tablet":0,"ocean_menu_typo_line_height_mobile":0,"ocean_menu_typo_line_height_unit":"","ocean_menu_typo_spacing":0,"ocean_menu_typo_spacing_tablet":0,"ocean_menu_typo_spacing_mobile":0,"ocean_menu_typo_spacing_unit":"","ocean_menu_link_color":"","ocean_menu_link_color_hover":"","ocean_menu_link_color_active":"","ocean_menu_link_background":"","ocean_menu_link_hover_background":"","ocean_menu_link_active_background":"","ocean_menu_social_links_bg":"","ocean_menu_social_hover_links_bg":"","ocean_menu_social_links_color":"","ocean_menu_social_hover_links_color":"","ocean_disable_title":"on","ocean_disable_heading":"on","ocean_post_title":"","ocean_post_subheading":"","ocean_post_title_style":"","ocean_post_title_background_color":"","ocean_post_title_background":0,"ocean_post_title_bg_image_position":"","ocean_post_title_bg_image_attachment":"","ocean_post_title_bg_image_repeat":"","ocean_post_title_bg_image_size":"","ocean_post_title_height":0,"ocean_post_title_bg_overlay":0.5,"ocean_post_title_bg_overlay_color":"","ocean_disable_breadcrumbs":"default","ocean_breadcrumbs_color":"","ocean_breadcrumbs_separator_color":"","ocean_breadcrumbs_links_color":"","ocean_breadcrumbs_links_hover_color":"","ocean_display_footer_widgets":"default","ocean_display_footer_bottom":"default","ocean_custom_footer_template":"0","footnotes":""},"class_list":["post-31","page","type-page","status-publish","hentry","entry"],"_links":{"self":[{"href":"https:\/\/baro-tg.de\/index.php?rest_route=\/wp\/v2\/pages\/31","targetHints":{"allow":["GET"]}}],"collection":[{"href":"https:\/\/baro-tg.de\/index.php?rest_route=\/wp\/v2\/pages"}],"about":[{"href":"https:\/\/baro-tg.de\/index.php?rest_route=\/wp\/v2\/types\/page"}],"author":[{"embeddable":true,"href":"https:\/\/baro-tg.de\/index.php?rest_route=\/wp\/v2\/users\/1"}],"replies":[{"embeddable":true,"href":"https:\/\/baro-tg.de\/index.php?rest_route=%2Fwp%2Fv2%2Fcomments&post=31"}],"version-history":[{"count":62,"href":"https:\/\/baro-tg.de\/index.php?rest_route=\/wp\/v2\/pages\/31\/revisions"}],"predecessor-version":[{"id":359,"href":"https:\/\/baro-tg.de\/index.php?rest_route=\/wp\/v2\/pages\/31\/revisions\/359"}],"wp:attachment":[{"href":"https:\/\/baro-tg.de\/index.php?rest_route=%2Fwp%2Fv2%2Fmedia&parent=31"}],"curies":[{"name":"wp","href":"https:\/\/api.w.org\/{rel}","templated":true}]}}