{"id":34,"date":"2019-07-31T17:33:07","date_gmt":"2019-07-31T17:33:07","guid":{"rendered":"http:\/\/baro-tg.de\/?page_id=34"},"modified":"2019-11-12T14:27:39","modified_gmt":"2019-11-12T14:27:39","slug":"impressum","status":"publish","type":"page","link":"https:\/\/baro-tg.de\/?page_id=34","title":{"rendered":"Impressum"},"content":{"rendered":"\t\t<div data-elementor-type=\"wp-post\" data-elementor-id=\"34\" class=\"elementor elementor-34\">\n\t\t\t\t\t\t<section class=\"elementor-section elementor-top-section elementor-element elementor-element-df242ad elementor-section-boxed elementor-section-height-default elementor-section-height-default\" data-id=\"df242ad\" data-element_type=\"section\">\n\t\t\t\t\t\t<div class=\"elementor-container elementor-column-gap-default\">\n\t\t\t\t\t<div class=\"elementor-column elementor-col-100 elementor-top-column elementor-element elementor-element-7860baa\" data-id=\"7860baa\" data-element_type=\"column\">\n\t\t\t<div class=\"elementor-widget-wrap elementor-element-populated\">\n\t\t\t\t\t\t<div class=\"elementor-element elementor-element-24e7a95 elementor-widget elementor-widget-image\" data-id=\"24e7a95\" data-element_type=\"widget\" data-widget_type=\"image.default\">\n\t\t\t\t<div class=\"elementor-widget-container\">\n\t\t\t\t\t\t\t\t\t\t\t\t\t\t\t<img fetchpriority=\"high\" decoding=\"async\" width=\"1200\" height=\"160\" src=\"https:\/\/baro-tg.de\/wp-content\/uploads\/baro-bilder1200x800\/5er_reigen_impressum.jpg\" class=\"attachment-full size-full wp-image-318\" alt=\"\" srcset=\"https:\/\/baro-tg.de\/wp-content\/uploads\/baro-bilder1200x800\/5er_reigen_impressum.jpg 1200w, https:\/\/baro-tg.de\/wp-content\/uploads\/baro-bilder1200x800\/5er_reigen_impressum-300x40.jpg 300w, https:\/\/baro-tg.de\/wp-content\/uploads\/baro-bilder1200x800\/5er_reigen_impressum-768x102.jpg 768w, https:\/\/baro-tg.de\/wp-content\/uploads\/baro-bilder1200x800\/5er_reigen_impressum-1024x137.jpg 1024w\" sizes=\"(max-width: 1200px) 100vw, 1200px\" \/>\t\t\t\t\t\t\t\t\t\t\t\t\t\t\t<\/div>\n\t\t\t\t<\/div>\n\t\t\t\t\t<\/div>\n\t\t<\/div>\n\t\t\t\t\t<\/div>\n\t\t<\/section>\n\t\t\t\t<section class=\"elementor-section elementor-top-section elementor-element elementor-element-975ff88 elementor-section-boxed elementor-section-height-default elementor-section-height-default\" data-id=\"975ff88\" data-element_type=\"section\" data-settings=\"{&quot;background_background&quot;:&quot;classic&quot;}\">\n\t\t\t\t\t\t<div class=\"elementor-container elementor-column-gap-default\">\n\t\t\t\t\t<div class=\"elementor-column elementor-col-100 elementor-top-column elementor-element elementor-element-16985b1\" data-id=\"16985b1\" data-element_type=\"column\">\n\t\t\t<div class=\"elementor-widget-wrap\">\n\t\t\t\t\t\t\t<\/div>\n\t\t<\/div>\n\t\t\t\t\t<\/div>\n\t\t<\/section>\n\t\t\t\t<section class=\"elementor-section elementor-top-section elementor-element elementor-element-81abc73 elementor-section-full_width elementor-section-height-default elementor-section-height-default\" data-id=\"81abc73\" data-element_type=\"section\">\n\t\t\t\t\t\t<div class=\"elementor-container elementor-column-gap-default\">\n\t\t\t\t\t<div class=\"elementor-column elementor-col-33 elementor-top-column elementor-element elementor-element-82ffd89\" data-id=\"82ffd89\" data-element_type=\"column\">\n\t\t\t<div class=\"elementor-widget-wrap\">\n\t\t\t\t\t\t\t<\/div>\n\t\t<\/div>\n\t\t\t\t<div class=\"elementor-column elementor-col-33 elementor-top-column elementor-element elementor-element-9239d41\" data-id=\"9239d41\" data-element_type=\"column\">\n\t\t\t<div class=\"elementor-widget-wrap elementor-element-populated\">\n\t\t\t\t\t\t<div class=\"elementor-element elementor-element-d2e0c22 elementor-widget elementor-widget-heading\" data-id=\"d2e0c22\" data-element_type=\"widget\" data-widget_type=\"heading.default\">\n\t\t\t\t<div class=\"elementor-widget-container\">\n\t\t\t\t\t<h3 class=\"elementor-heading-title elementor-size-large\">Impressum BaRo-Tiefgaragen GbR<\/h3>\t\t\t\t<\/div>\n\t\t\t\t<\/div>\n\t\t\t\t<div class=\"elementor-element elementor-element-4c9730c elementor-widget-divider--view-line elementor-widget elementor-widget-divider\" data-id=\"4c9730c\" data-element_type=\"widget\" data-widget_type=\"divider.default\">\n\t\t\t\t<div class=\"elementor-widget-container\">\n\t\t\t\t\t\t\t<div class=\"elementor-divider\">\n\t\t\t<span class=\"elementor-divider-separator\">\n\t\t\t\t\t\t<\/span>\n\t\t<\/div>\n\t\t\t\t\t\t<\/div>\n\t\t\t\t<\/div>\n\t\t\t\t\t<\/div>\n\t\t<\/div>\n\t\t\t\t<div class=\"elementor-column elementor-col-33 elementor-top-column elementor-element elementor-element-22ad617\" data-id=\"22ad617\" data-element_type=\"column\">\n\t\t\t<div class=\"elementor-widget-wrap\">\n\t\t\t\t\t\t\t<\/div>\n\t\t<\/div>\n\t\t\t\t\t<\/div>\n\t\t<\/section>\n\t\t\t\t<section class=\"elementor-section elementor-top-section elementor-element elementor-element-49ff435 elementor-section-full_width elementor-section-height-default elementor-section-height-default\" data-id=\"49ff435\" data-element_type=\"section\">\n\t\t\t\t\t\t<div class=\"elementor-container elementor-column-gap-default\">\n\t\t\t\t\t<div class=\"elementor-column elementor-col-33 elementor-top-column elementor-element elementor-element-e020c1a\" data-id=\"e020c1a\" data-element_type=\"column\">\n\t\t\t<div class=\"elementor-widget-wrap elementor-element-populated\">\n\t\t\t\t\t\t<div class=\"elementor-element elementor-element-27791b7 elementor-widget elementor-widget-text-editor\" data-id=\"27791b7\" data-element_type=\"widget\" data-widget_type=\"text-editor.default\">\n\t\t\t\t<div class=\"elementor-widget-container\">\n\t\t\t\t\t\t\t\t\t<p><strong>Impressum<\/strong><\/p>\t\t\t\t\t\t\t\t<\/div>\n\t\t\t\t<\/div>\n\t\t\t\t\t<\/div>\n\t\t<\/div>\n\t\t\t\t<div class=\"elementor-column elementor-col-33 elementor-top-column elementor-element elementor-element-ac6fbf9\" data-id=\"ac6fbf9\" data-element_type=\"column\">\n\t\t\t<div class=\"elementor-widget-wrap elementor-element-populated\">\n\t\t\t\t\t\t<div class=\"elementor-element elementor-element-c131e74 elementor-widget elementor-widget-text-editor\" data-id=\"c131e74\" data-element_type=\"widget\" data-widget_type=\"text-editor.default\">\n\t\t\t\t<div class=\"elementor-widget-container\">\n\t\t\t\t\t\t\t\t\t<p><strong>Verantwortlich im Sinne des TMG:<br \/><\/strong>Klaus Roth<\/p><p><strong>BaRo-Tiefgaragen GbR<\/strong><br \/>Magret Ba\u00dffeld-Roth u. Klaus Roth<\/p><p>Neureuthstr. 40, 83714 Miesbach<br \/>Tel. 08025 4599\u00a0 \u00b7\u00a0 Fax: 08025 1588<\/p><p>Mail:<a href=\"mailto: service@baro-tg.de\" target=\"_blank\" rel=\"noopener\"> service@baro-tg.de<\/a><\/p><div><div><p><strong>Bildnachweis<br \/><\/strong>Das verwendete Bildmaterial ist gr\u00f6\u00dftenteils urheberrechtlich gesch\u00fctzt und darf nur mit ausdr\u00fccklicher schriftlicher Erlaubnis f\u00fcr fremde Anwendungen benutzt werden.<br \/>Bildarchiv\u00a0 Baro-Tiefgaragen GbR, Design &amp; New Media, einzelne Motive wurden von befreundeten Firmen zur Verf\u00fcgung gestellt.\u00a0<\/p><p>Verwendete Logos und Markenzeichen werden nur im Rahmen der Hinweise auf deren Leistungen verwendet. Es liegt uns fern diese in irgendeiner Form zu verletzten oder widerrechtlich zu nutzen. Auf Wunsch werden diese umgehend entfernt.<\/p><p><b>Disclaimer<\/b><br \/>F\u00fcr alle Links, die von diesen Internetseiten zu anderen Internetseiten f\u00fchren, gilt, dass wir keinerlei Einfluss auf die Gestaltung und Inhalte der gelinkten Seiten haben. F\u00fcr den Inhalt aller gelinkten Seiten ist der jeweilige Betreiber verantwortlich. Aus rechtlichen Gr\u00fcnden distanzieren wir uns hier mit ausdr\u00fccklich von deren Inhalten.<\/p><div><strong>Verbraucher-Informationen \/ Online-Streitbeilegung<\/strong><\/div><\/div><\/div><p>Hinweis zur Online-Streitbeilegung gem\u00e4\u00df Art. 14 Abs. 1 ODR-VO: Die Europ\u00e4ische Kommission stellt eine Plattform zur Online-Streitbeilegung (OS) bereit, die Sie unter https:\/\/ec.europa.eu\/consumers\/odr\/ finden.<\/p><p>Der Anbieter nimmt nicht am Streitbeilegungsverfahren vor einer Verbraucherschlichtungsstelle teil.<\/p>\t\t\t\t\t\t\t\t<\/div>\n\t\t\t\t<\/div>\n\t\t\t\t\t<\/div>\n\t\t<\/div>\n\t\t\t\t<div class=\"elementor-column elementor-col-33 elementor-top-column elementor-element elementor-element-d2434b0\" data-id=\"d2434b0\" data-element_type=\"column\">\n\t\t\t<div class=\"elementor-widget-wrap\">\n\t\t\t\t\t\t\t<\/div>\n\t\t<\/div>\n\t\t\t\t\t<\/div>\n\t\t<\/section>\n\t\t\t\t<\/div>\n\t\t","protected":false},"excerpt":{"rendered":"<p>Impressum BaRo-Tiefgaragen GbR Impressum Verantwortlich im Sinne des TMG:Klaus Roth BaRo-Tiefgaragen GbRMagret Ba\u00dffeld-Roth u. Klaus Roth Neureuthstr. 40, 83714 MiesbachTel. 08025 4599\u00a0 \u00b7\u00a0 Fax: 08025 1588 Mail: service@baro-tg.de BildnachweisDas verwendete Bildmaterial ist gr\u00f6\u00dftenteils urheberrechtlich gesch\u00fctzt und darf nur mit ausdr\u00fccklicher schriftlicher Erlaubnis f\u00fcr fremde Anwendungen benutzt werden.Bildarchiv\u00a0 Baro-Tiefgaragen GbR, Design &amp; New Media, einzelne Motive [&hellip;]<\/p>\n","protected":false},"author":1,"featured_media":0,"parent":0,"menu_order":0,"comment_status":"closed","ping_status":"closed","template":"","meta":{"ocean_post_layout":"full-width","ocean_both_sidebars_style":"","ocean_both_sidebars_content_width":0,"ocean_both_sidebars_sidebars_width":0,"ocean_sidebar":"0","ocean_second_sidebar":"0","ocean_disable_margins":"enable","ocean_add_body_class":"","ocean_shortcode_before_top_bar":"","ocean_shortcode_after_top_bar":"","ocean_shortcode_before_header":"","ocean_shortcode_after_header":"","ocean_has_shortcode":"","ocean_shortcode_after_title":"","ocean_shortcode_before_footer_widgets":"","ocean_shortcode_after_footer_widgets":"","ocean_shortcode_before_footer_bottom":"","ocean_shortcode_after_footer_bottom":"","ocean_display_top_bar":"on","ocean_display_header":"default","ocean_header_style":"","ocean_center_header_left_menu":"0","ocean_custom_header_template":"0","ocean_custom_logo":261,"ocean_custom_retina_logo":0,"ocean_custom_logo_max_width":250,"ocean_custom_logo_tablet_max_width":160,"ocean_custom_logo_mobile_max_width":100,"ocean_custom_logo_max_height":82,"ocean_custom_logo_tablet_max_height":40,"ocean_custom_logo_mobile_max_height":25,"ocean_header_custom_menu":"0","ocean_menu_typo_font_family":"0","ocean_menu_typo_font_subset":"","ocean_menu_typo_font_size":0,"ocean_menu_typo_font_size_tablet":0,"ocean_menu_typo_font_size_mobile":0,"ocean_menu_typo_font_size_unit":"px","ocean_menu_typo_font_weight":"","ocean_menu_typo_font_weight_tablet":"","ocean_menu_typo_font_weight_mobile":"","ocean_menu_typo_transform":"","ocean_menu_typo_transform_tablet":"","ocean_menu_typo_transform_mobile":"","ocean_menu_typo_line_height":0,"ocean_menu_typo_line_height_tablet":0,"ocean_menu_typo_line_height_mobile":0,"ocean_menu_typo_line_height_unit":"","ocean_menu_typo_spacing":0,"ocean_menu_typo_spacing_tablet":0,"ocean_menu_typo_spacing_mobile":0,"ocean_menu_typo_spacing_unit":"","ocean_menu_link_color":"","ocean_menu_link_color_hover":"","ocean_menu_link_color_active":"","ocean_menu_link_background":"","ocean_menu_link_hover_background":"","ocean_menu_link_active_background":"","ocean_menu_social_links_bg":"","ocean_menu_social_hover_links_bg":"","ocean_menu_social_links_color":"","ocean_menu_social_hover_links_color":"","ocean_disable_title":"on","ocean_disable_heading":"default","ocean_post_title":"","ocean_post_subheading":"","ocean_post_title_style":"","ocean_post_title_background_color":"","ocean_post_title_background":0,"ocean_post_title_bg_image_position":"","ocean_post_title_bg_image_attachment":"","ocean_post_title_bg_image_repeat":"","ocean_post_title_bg_image_size":"","ocean_post_title_height":0,"ocean_post_title_bg_overlay":0.5,"ocean_post_title_bg_overlay_color":"","ocean_disable_breadcrumbs":"default","ocean_breadcrumbs_color":"","ocean_breadcrumbs_separator_color":"","ocean_breadcrumbs_links_color":"","ocean_breadcrumbs_links_hover_color":"","ocean_display_footer_widgets":"default","ocean_display_footer_bottom":"default","ocean_custom_footer_template":"0","footnotes":""},"class_list":["post-34","page","type-page","status-publish","hentry","entry"],"_links":{"self":[{"href":"https:\/\/baro-tg.de\/index.php?rest_route=\/wp\/v2\/pages\/34","targetHints":{"allow":["GET"]}}],"collection":[{"href":"https:\/\/baro-tg.de\/index.php?rest_route=\/wp\/v2\/pages"}],"about":[{"href":"https:\/\/baro-tg.de\/index.php?rest_route=\/wp\/v2\/types\/page"}],"author":[{"embeddable":true,"href":"https:\/\/baro-tg.de\/index.php?rest_route=\/wp\/v2\/users\/1"}],"replies":[{"embeddable":true,"href":"https:\/\/baro-tg.de\/index.php?rest_route=%2Fwp%2Fv2%2Fcomments&post=34"}],"version-history":[{"count":16,"href":"https:\/\/baro-tg.de\/index.php?rest_route=\/wp\/v2\/pages\/34\/revisions"}],"predecessor-version":[{"id":352,"href":"https:\/\/baro-tg.de\/index.php?rest_route=\/wp\/v2\/pages\/34\/revisions\/352"}],"wp:attachment":[{"href":"https:\/\/baro-tg.de\/index.php?rest_route=%2Fwp%2Fv2%2Fmedia&parent=34"}],"curies":[{"name":"wp","href":"https:\/\/api.w.org\/{rel}","templated":true}]}}